{"id":5,"date":"2019-11-13T08:37:05","date_gmt":"2019-11-13T07:37:05","guid":{"rendered":"https:\/\/demosites.io\/translation-services-gb\/?page_id=5"},"modified":"2023-11-16T14:05:10","modified_gmt":"2023-11-16T13:05:10","slug":"47421-translation-homepage","status":"publish","type":"page","link":"https:\/\/opitz-translations.de\/de\/","title":{"rendered":"Start"},"content":{"rendered":"\n<section id=\"wp-block-themeisle-blocks-advanced-columns-9f8848a6\" class=\"wp-block-themeisle-blocks-advanced-columns alignfull has-1-columns has-desktop-equal-layout has-tablet-equal-layout has-mobile-equal-layout has-vertical-center ticss-94b009cf headerpic\"><div class=\"wp-block-themeisle-blocks-advanced-columns-overlay\"><\/div><div class=\"innerblocks-wrap\">\n<div id=\"wp-block-themeisle-blocks-advanced-column-cedf80ca\" class=\"wp-block-themeisle-blocks-advanced-column\">\n<h1 id=\"wp-block-themeisle-blocks-advanced-heading-d0bfd8ac\" class=\"wp-block-themeisle-blocks-advanced-heading wp-block-themeisle-blocks-advanced-heading-d0bfd8ac\">Angelika OPITZ<\/h1>\n\n\n\n<p id=\"wp-block-themeisle-blocks-advanced-heading-b1359ee9\" class=\"wp-block-themeisle-blocks-advanced-heading wp-block-themeisle-blocks-advanced-heading-b1359ee9\">\u00dcbersetzen mit der Leidenschaft einer Entdeckerin<\/p>\n\n\n\n<div class=\"wp-block-buttons is-horizontal is-content-justification-left is-layout-flex wp-container-core-buttons-is-layout-7e5fce0a wp-block-buttons-is-layout-flex\">\n<div class=\"wp-block-button is-style-secondary\"><a class=\"wp-block-button__link wp-element-button\" href=\"mailto:info@opitz-translations.de\" style=\"border-radius:10px\">Anfrage senden<\/a><\/div>\n<\/div>\n<\/div>\n<\/div><\/section>\n\n\n\n<div style=\"height:15px\" aria-hidden=\"true\" class=\"wp-block-spacer\"><\/div>\n\n\n\n<section id=\"wp-block-themeisle-blocks-advanced-columns-31763fa7\" class=\"wp-block-themeisle-blocks-advanced-columns has-1-columns has-desktop-equal-layout has-tablet-equal-layout has-mobile-equal-layout has-vertical-flex-start\"><div class=\"wp-block-themeisle-blocks-advanced-columns-overlay\"><\/div><div class=\"innerblocks-wrap\">\n<div id=\"wp-block-themeisle-blocks-advanced-column-e4d0fa22\" class=\"wp-block-themeisle-blocks-advanced-column\">\n<p>Unser Alltag wird von einer wachsenden Zahl an<strong> Software, IT und Technik<\/strong> bestimmt. Softwareanleitungen, Men\u00fcf\u00fchrung, Release- und Patchnotes sowie technische Handb\u00fccher sollen uns dabei Orientierung geben. Doch beim Wechsel von einer Sprache in die andere, kann diese Orientierung leicht verloren gehen.<\/p>\n<\/div>\n<\/div><\/section>\n\n\n\n<section id=\"wp-block-themeisle-blocks-advanced-columns-08c6f8f8\" class=\"wp-block-themeisle-blocks-advanced-columns has-1-columns has-desktop-equal-layout has-tablet-equal-layout has-mobile-equal-layout has-vertical-flex-start\"><div class=\"wp-block-themeisle-blocks-advanced-columns-overlay\"><\/div><div class=\"innerblocks-wrap\">\n<div id=\"wp-block-themeisle-blocks-advanced-column-f2f99ccd\" class=\"wp-block-themeisle-blocks-advanced-column\">\n<p>Damit dies nicht geschieht, nehme ich mir die Zeit, das jeweilige Produkt bestm\u00f6glich kennenzulernen. F\u00fcr mich ist das jedes Mal wie eine Entdeckungsreise, die ich mit gro\u00dfer Leidenschaft immer wieder neu beginne. Dabei spielt es keine Rolle, ob es sich um ein einfaches Fitnessarmband, die Sicherheitsvorkehrungen in einem Auto oder um eine komplexe Verwaltungssoftware handelt. Aufgrund meiner <strong>mehr als zehn Jahre Erfahrung<\/strong> kann ich dabei alles daransetzen, dass Ihre Endkunden die Orientierung und damit auch die Freude an Ihrem Produkt nicht verlieren. Wenn Ihnen daran ebenso gelegen ist wie mir, freue ich mich, von Ihnen zu h\u00f6ren. <\/p>\n\n\n\n<div class=\"wp-block-buttons is-layout-flex wp-block-buttons-is-layout-flex\">\n<div class=\"wp-block-button is-style-primary\"><a class=\"wp-block-button__link wp-element-button\" href=\"https:\/\/opitz-translations.de\/kontakt\/\" style=\"border-radius:10px\">Kontaktieren Sie mich<\/a><\/div>\n<\/div>\n<\/div>\n<\/div><\/section>\n\n\n\n<section id=\"wp-block-themeisle-blocks-advanced-columns-aec55fc2\" class=\"wp-block-themeisle-blocks-advanced-columns has-1-columns has-desktop-equal-layout has-tablet-equal-layout has-mobile-equal-layout has-vertical-flex-start\"><div class=\"wp-block-themeisle-blocks-advanced-columns-overlay\"><\/div><div class=\"innerblocks-wrap\">\n<div id=\"wp-block-themeisle-blocks-advanced-column-6751ff13\" class=\"wp-block-themeisle-blocks-advanced-column\">\n<h2 class=\"wp-block-heading has-text-align-center\" id=\"softwarelokalisierung-2\">Angebot<\/h2>\n\n\n\n<p class=\"has-text-align-center\">\u00dcbersetzung<br><span id=\"su_tooltip_69e0ba605b5e6_button\" class=\"su-tooltip-button su-tooltip-button-outline-yes\" aria-describedby=\"su_tooltip_69e0ba605b5e6\" data-settings='{\"position\":\"top\",\"behavior\":\"hover\",\"hideDelay\":0}' tabindex=\"0\">Revision<\/span><span style=\"display:none;z-index:100\" id=\"su_tooltip_69e0ba605b5e6\" class=\"su-tooltip\" role=\"tooltip\"><span class=\"su-tooltip-inner su-tooltip-shadow-no\" style=\"z-index:100;background:#222222;color:#FFFFFF;font-size:16px;border-radius:5px;text-align:left;max-width:300px;line-height:1.25\"><span class=\"su-tooltip-title\">Revision<\/span><span class=\"su-tooltip-content su-u-trim\">= zweisprachige Pr\u00fcfung der \u00dcbersetzung<\/span><\/span><span id=\"su_tooltip_69e0ba605b5e6_arrow\" class=\"su-tooltip-arrow\" style=\"z-index:100;background:#222222\" data-popper-arrow><\/span><\/span> <br><span id=\"su_tooltip_69e0ba605b6b5_button\" class=\"su-tooltip-button su-tooltip-button-outline-yes\" aria-describedby=\"su_tooltip_69e0ba605b6b5\" data-settings='{\"position\":\"top\",\"behavior\":\"hover\",\"hideDelay\":0}' tabindex=\"0\">Lektorat<\/span><span style=\"display:none;z-index:100\" id=\"su_tooltip_69e0ba605b6b5\" class=\"su-tooltip\" role=\"tooltip\"><span class=\"su-tooltip-inner su-tooltip-shadow-no\" style=\"z-index:100;background:#222222;color:#FFFFFF;font-size:16px;border-radius:5px;text-align:left;max-width:300px;line-height:1.25\"><span class=\"su-tooltip-title\">Lektorat<\/span><span class=\"su-tooltip-content su-u-trim\">= einsprachige Pr\u00fcfung des Zieltextes<\/span><\/span><span id=\"su_tooltip_69e0ba605b6b5_arrow\" class=\"su-tooltip-arrow\" style=\"z-index:100;background:#222222\" data-popper-arrow><\/span><\/span> <\/p>\n\n\n\n<p class=\"has-text-align-center\"><strong>Sprachrichtungen<\/strong><\/p>\n\n\n\n<p class=\"has-text-align-center\">Chinesisch &#8211; Englisch \/ Deutsch<br>Englisch &#8211; Deutsch<\/p>\n<\/div>\n<\/div><\/section>\n\n\n\n<h2 class=\"wp-block-heading has-text-align-center\" id=\"softwarelokalisierung-2\">Spezialisierungen<\/h2>\n\n\n\n<section id=\"wp-block-themeisle-blocks-advanced-columns-64c0cd65\" class=\"wp-block-themeisle-blocks-advanced-columns has-2-columns has-desktop-equal-layout has-tablet-equal-layout has-mobile-collapsedRows-layout has-vertical-flex-start\"><div class=\"wp-block-themeisle-blocks-advanced-columns-overlay\"><\/div><div class=\"innerblocks-wrap\">\n<div id=\"wp-block-themeisle-blocks-advanced-column-57d6aed0\" class=\"wp-block-themeisle-blocks-advanced-column\">\n<div id=\"wp-block-themeisle-blocks-font-awesome-icons-5ad37e2f\" class=\"wp-block-themeisle-blocks-font-awesome-icons\"><span class=\"wp-block-themeisle-blocks-font-awesome-icons-container\"><i class=\"fas fa-desktop\"><\/i><\/span><\/div>\n\n\n\n<h3 id=\"wp-block-themeisle-blocks-advanced-heading-09683c34\" class=\"wp-block-themeisle-blocks-advanced-heading wp-block-themeisle-blocks-advanced-heading-09683c34\">Softwarelokalisierung<\/h3>\n\n\n\n<p>Die Softwarelokalisierung birgt besondere T\u00fccken in sich, denn Men\u00fc und Benutzeroberfl\u00e4che (UI) zerfallen f\u00fcr die \u00dcbersetzung in viele kleine Bruchst\u00fccke, die dann teilweise ohne Kontext \u00fcbersetzt werden m\u00fcssen. Dank meiner gro\u00dfen Erfahrungsbandbreite, meiner besonderen Aufmerksamkeit f\u00fcr systemische Zusammenh\u00e4nge und Metadaten und meiner Bereitschaft zur intensiven Kommunikation mit den Softwareentwicklern sollte dies aber kein Hindernis f\u00fcr eine gute \u00dcbersetzung sein.<\/p>\n\n\n\n<p>Aufgrund meiner Geschichte habe ich ein besonderes Faible f\u00fcr die Lokalisierung von<strong> Computerspielen<\/strong>. Aber ich unterst\u00fctze Sie gerne auch bei der Lokalisierung von Software in den Bereichen <strong>Maschinenbau, Business und Verwaltung<\/strong>.<\/p>\n\n\n\n<div class=\"wp-block-buttons is-layout-flex wp-block-buttons-is-layout-flex\">\n<div class=\"wp-block-button is-style-primary\"><a class=\"wp-block-button__link wp-element-button\" href=\"https:\/\/opitz-translations.de\/softwarelokalisierung\/\">Mehr erfahren <\/a><\/div>\n<\/div>\n<\/div>\n\n\n\n<div id=\"wp-block-themeisle-blocks-advanced-column-3ebf5c02\" class=\"wp-block-themeisle-blocks-advanced-column\">\n<div class=\"wp-block-themeisle-blocks-service\">\n<div id=\"wp-block-themeisle-blocks-font-awesome-icons-b2d8c05c\" class=\"wp-block-themeisle-blocks-font-awesome-icons\"><span class=\"wp-block-themeisle-blocks-font-awesome-icons-container\"><i class=\"far fa-file-alt\"><\/i><\/span><\/div>\n\n\n\n<h3 id=\"wp-block-themeisle-blocks-advanced-heading-9a17cfc3\" class=\"wp-block-themeisle-blocks-advanced-heading wp-block-themeisle-blocks-advanced-heading-9a17cfc3\">Fach\u00fcbersetzung<\/h3>\n<\/div>\n\n\n\n<p>Die Anfertigung einer Fach\u00fcbersetzung verlangt neben der sprachlichen Kompetenz immer auch das entsprechende Fachwissen. Darum sollten Sie diese auch einem \u00dcbersetzer mit dem jeweiligen Fachgebiet anvertrauen.<\/p>\n\n\n\n<p><strong>Meine Fachgebiete sind:<\/strong><\/p>\n\n\n\n<div id=\"wp-block-themeisle-blocks-icon-list-475c6e2a\" class=\"wp-block-themeisle-blocks-icon-list\">\n<div id=\"wp-block-themeisle-blocks-icon-list-item-f20f9acc\" class=\"wp-block-themeisle-blocks-icon-list-item\"><svg xmlns=\"http:\/\/www.w3.org\/2000\/svg\" viewBox=\"0 0 1800 1800\" class=\"wp-block-themeisle-blocks-icon-list-item-icon\"><path d=\"M1718.199,2.029H81.579c-43.977,0-79.754,35.772-79.754,79.741v1636.633 c0,43.973,35.777,79.749,79.754,79.749h1636.62c43.969,0,79.745-35.776,79.745-79.749V81.77 C1797.944,37.801,1762.168,2.029,1718.199,2.029z M1734.873,1718.402c0,9.195-7.479,16.679-16.674,16.679H81.579 c-9.204,0-16.683-7.483-16.683-16.679V340.556h1669.977V1718.402z M1734.873,277.485H64.896V81.77c0-9.19,7.479-16.67,16.683-16.67 h1636.62c9.194,0,16.674,7.479,16.674,16.67V277.485z\"><\/path><circle cx=\"201.36\" cy=\"168.237\" r=\"50.682\"><\/circle><circle cx=\"361.29\" cy=\"168.237\" r=\"50.682\"><\/circle><circle cx=\"521.221\" cy=\"168.237\" r=\"50.682\"><\/circle><path d=\"M691.019,1349.104c4.712,2.503,9.771,3.687,14.76,3.687c11.293,0,22.218-6.085,27.884-16.753 l362.28-682.476c8.166-15.385,2.314-34.475-13.066-42.64c-15.385-8.166-34.474-2.31-42.639,13.067l-362.291,682.476 C669.782,1321.85,675.634,1340.939,691.019,1349.104z\"><\/path><path d=\"M281.378,967.035c0.018,0.29,0.062,0.576,0.083,0.871c0.181,2.38,0.647,4.765,1.395,7.114 c0.105,0.325,0.184,0.659,0.299,0.984c0.136,0.388,0.317,0.771,0.471,1.153c0.233,0.599,0.466,1.193,0.739,1.773 c0.021,0.048,0.04,0.102,0.066,0.153c0.057,0.124,0.141,0.229,0.202,0.353c0.537,1.091,1.144,2.143,1.804,3.162 c0.176,0.282,0.352,0.561,0.542,0.832c0.743,1.078,1.544,2.12,2.424,3.103c0.163,0.18,0.338,0.339,0.501,0.514 c0.739,0.788,1.526,1.541,2.354,2.254c0.303,0.259,0.603,0.515,0.911,0.765c0.858,0.688,1.75,1.333,2.692,1.936 c0.176,0.115,0.344,0.247,0.524,0.356c0.928,0.567,1.888,1.091,2.891,1.57l315.32,150.776c4.391,2.098,9.019,3.092,13.581,3.092 c11.769,0,23.058-6.616,28.469-17.941c7.515-15.71,0.871-34.54-14.844-42.055L385.988,965.481l255.813-122.323 c15.715-7.514,22.359-26.344,14.844-42.055c-7.51-15.714-26.344-22.367-42.05-14.848L299.592,936.882 c-0.009,0.004-0.018,0.004-0.022,0.008l-0.295,0.141c-0.264,0.128-0.501,0.282-0.761,0.414c-0.633,0.321-1.263,0.646-1.874,1.016 c-0.356,0.212-0.69,0.449-1.038,0.678c-0.515,0.335-1.034,0.674-1.536,1.042c-0.37,0.274-0.712,0.573-1.074,0.859 c-0.44,0.36-0.879,0.712-1.307,1.1c-0.356,0.325-0.695,0.673-1.033,1.012c-0.388,0.383-0.774,0.761-1.145,1.166 c-0.343,0.383-0.66,0.779-0.981,1.175c-0.33,0.396-0.66,0.787-0.968,1.205c-0.334,0.453-0.638,0.919-0.946,1.391 c-0.255,0.392-0.528,0.774-0.77,1.179c-0.331,0.55-0.621,1.117-0.911,1.681c-0.167,0.317-0.352,0.607-0.501,0.928 c-0.026,0.054-0.044,0.103-0.066,0.154c-0.273,0.581-0.506,1.175-0.739,1.769c-0.154,0.388-0.335,0.77-0.471,1.157 c-0.115,0.325-0.194,0.66-0.299,0.99c-0.748,2.345-1.214,4.729-1.395,7.109c-0.022,0.291-0.066,0.581-0.083,0.872 c-0.027,0.518-0.005,1.037-0.005,1.556C281.373,965.997,281.351,966.512,281.378,967.035z\"><\/path><path d=\"M1117.246,1129.855c5.411,11.325,16.705,17.941,28.474,17.941c4.558,0,9.19-0.994,13.576-3.092 l315.321-150.776c1.003-0.479,1.967-1.003,2.89-1.57c0.181-0.109,0.349-0.241,0.523-0.356c0.942-0.603,1.839-1.248,2.692-1.936 c0.313-0.25,0.612-0.506,0.916-0.765c0.826-0.713,1.61-1.466,2.35-2.254c0.166-0.175,0.343-0.334,0.501-0.514 c0.88-0.982,1.681-2.024,2.429-3.103c0.184-0.271,0.361-0.55,0.54-0.832c0.661-1.02,1.268-2.071,1.805-3.162 c0.063-0.124,0.145-0.229,0.202-0.353c0.022-0.052,0.039-0.105,0.065-0.153c0.274-0.58,0.503-1.175,0.74-1.773 c0.153-0.383,0.334-0.766,0.47-1.153c0.115-0.325,0.193-0.659,0.301-0.984c0.746-2.35,1.209-4.734,1.393-7.114 c0.022-0.295,0.066-0.581,0.081-0.871c0.026-0.523,0.008-1.038,0.008-1.554c0-0.519,0.019-1.038-0.008-1.556 c-0.015-0.291-0.059-0.581-0.081-0.872c-0.184-2.381-0.646-4.765-1.393-7.109c-0.107-0.33-0.186-0.665-0.301-0.99 c-0.136-0.388-0.316-0.77-0.47-1.157c-0.237-0.594-0.466-1.188-0.74-1.769c-0.026-0.052-0.043-0.101-0.065-0.154 c-0.154-0.32-0.34-0.616-0.506-0.928c-0.291-0.567-0.58-1.131-0.906-1.681c-0.246-0.408-0.52-0.802-0.783-1.197 c-0.304-0.457-0.599-0.923-0.933-1.368c-0.316-0.427-0.655-0.831-0.994-1.236c-0.308-0.383-0.616-0.77-0.95-1.135 c-0.383-0.427-0.787-0.822-1.192-1.224c-0.321-0.319-0.638-0.646-0.973-0.954c-0.458-0.413-0.938-0.796-1.417-1.183 c-0.315-0.256-0.624-0.523-0.954-0.767c-0.559-0.418-1.14-0.795-1.72-1.174c-0.281-0.181-0.555-0.375-0.841-0.546 c-0.712-0.431-1.447-0.818-2.195-1.192c-0.167-0.079-0.316-0.18-0.483-0.26l-0.186-0.088c-0.062-0.03-0.132-0.065-0.197-0.097 l-314.938-150.59c-15.696-7.51-34.536-0.863-42.05,14.848c-7.515,15.711-0.867,34.541,14.844,42.055l255.817,122.323 l-255.817,122.319C1116.379,1095.315,1109.731,1114.146,1117.246,1129.855z\"><\/path><\/svg><p class=\"wp-block-themeisle-blocks-icon-list-item-content\"><strong>Informationstechnik (IT)<\/strong><\/p><\/div>\n<\/div>\n\n\n\n<div id=\"wp-block-themeisle-blocks-icon-list-e647d77a\" class=\"wp-block-themeisle-blocks-icon-list\">\n<div id=\"wp-block-themeisle-blocks-icon-list-item-dd26a8c9\" class=\"wp-block-themeisle-blocks-icon-list-item\"><i class=\"fas fa-angle-right wp-block-themeisle-blocks-icon-list-item-icon\"><\/i><p class=\"wp-block-themeisle-blocks-icon-list-item-content\">Anwendungssoftware<\/p><\/div>\n\n\n\n<div id=\"wp-block-themeisle-blocks-icon-list-item-a93a1cde\" class=\"wp-block-themeisle-blocks-icon-list-item\"><i class=\"fas fa-angle-right wp-block-themeisle-blocks-icon-list-item-icon\"><\/i><p class=\"wp-block-themeisle-blocks-icon-list-item-content\">Internettechnologien<\/p><\/div>\n<\/div>\n\n\n\n<p><\/p>\n\n\n\n<div id=\"wp-block-themeisle-blocks-icon-list-1ea0fbfc\" class=\"wp-block-themeisle-blocks-icon-list\">\n<div id=\"wp-block-themeisle-blocks-icon-list-item-49ae9932\" class=\"wp-block-themeisle-blocks-icon-list-item\"><svg xmlns=\"http:\/\/www.w3.org\/2000\/svg\" viewBox=\"0 0 1800 1800\" class=\"wp-block-themeisle-blocks-icon-list-item-icon\"><path d=\"M1094.819,1135.051l-108.863-17.528c-9.449-34.07-22.999-66.744-40.445-97.562l64.601-89.408 c8.963-12.402,7.593-29.477-3.227-40.295l-97.074-97.083c-10.828-10.832-27.9-12.188-40.297-3.227l-89.409,64.601 c-30.817-17.446-63.496-30.991-97.557-40.44L665.01,705.239c-2.435-15.106-15.472-26.212-30.774-26.212H496.934 c-15.302,0-28.339,11.105-30.774,26.212l-17.535,108.864c-34.057,9.449-66.731,22.995-97.555,40.445l-89.409-64.601 c-12.399-8.958-29.474-7.597-40.295,3.222l-97.083,97.083c-10.819,10.823-12.187,27.897-3.225,40.3l64.599,89.408 c-17.448,30.826-30.994,63.5-40.443,97.562l-108.866,17.528c-15.106,2.436-26.214,15.472-26.214,30.774v137.306 c0,15.303,11.106,28.339,26.212,30.774l108.868,17.533c9.454,34.062,22.997,66.735,40.443,97.557l-64.599,89.409 c-8.962,12.401-7.595,29.474,3.225,40.297l97.083,97.083c10.819,10.819,27.892,12.181,40.295,3.223l89.409-64.605 c30.822,17.446,63.496,30.992,97.555,40.445l17.535,108.867c2.433,15.107,15.472,26.213,30.774,26.213h137.302 c15.302,0,28.339-11.105,30.774-26.213l17.537-108.871c34.062-9.449,66.736-22.995,97.549-40.437l89.417,64.601 c12.402,8.962,29.478,7.601,40.297-3.223l97.083-97.079c10.819-10.823,12.185-27.895,3.222-40.297l-64.604-89.413 c17.446-30.813,30.991-63.487,40.445-97.557l108.868-17.533c15.105-2.436,26.212-15.472,26.212-30.774v-137.306 C1121.036,1150.522,1109.926,1137.486,1094.819,1135.051z M1058.697,1276.58l-102.915,16.576 c-12.571,2.026-22.647,11.492-25.447,23.916c-9.362,41.506-25.665,80.833-48.459,116.882c-6.806,10.767-6.375,24.591,1.083,34.914 l61.078,84.529l-59.535,59.53l-84.534-61.074c-10.323-7.457-24.147-7.888-34.909-1.083 c-36.058,22.795-75.376,39.093-116.878,48.446c-12.419,2.805-21.89,12.88-23.917,25.451l-16.576,102.92h-84.204l-16.576-102.915 c-2.026-12.571-11.495-22.646-23.916-25.447c-41.495-9.357-80.822-25.66-116.889-48.455c-10.765-6.805-24.588-6.374-34.907,1.083 l-84.525,61.074l-59.535-59.535l61.069-84.524c7.458-10.323,7.889-24.143,1.085-34.909 c-22.796-36.066-39.097-75.394-48.454-116.887c-2.803-12.424-12.878-21.89-25.45-23.916L72.474,1276.58v-84.204l102.912-16.571 c12.574-2.026,22.651-11.497,25.452-23.921c9.351-41.488,25.653-80.812,48.454-116.887c6.804-10.767,6.373-24.586-1.085-34.909 l-61.069-84.525l59.535-59.536l84.525,61.076c10.321,7.458,24.147,7.888,34.909,1.083c36.073-22.806,75.398-39.108,116.882-48.457 c12.424-2.801,21.895-12.88,23.921-25.452l16.576-102.911h84.204l16.576,102.915c2.027,12.571,11.498,22.651,23.917,25.451 c41.502,9.354,80.82,25.656,116.878,48.453c10.767,6.805,24.59,6.375,34.913-1.083l84.53-61.076l59.53,59.536l-61.073,84.53 c-7.458,10.323-7.889,24.146-1.083,34.913c22.799,36.054,39.101,75.376,48.459,116.878c2.8,12.424,12.876,21.895,25.447,23.921 l102.915,16.571V1276.58z\"><\/path><path d=\"M565.583,928.422c-168.759,0-306.052,137.293-306.052,306.052s137.293,306.053,306.052,306.053  c168.763,0,306.061-137.294,306.061-306.053S734.346,928.422,565.583,928.422z M565.583,1478.187  c-134.384,0-243.713-109.328-243.713-243.713s109.329-243.713,243.713-243.713c134.389,0,243.722,109.328,243.722,243.713  S699.972,1478.187,565.583,1478.187z\"><\/path><path d=\"M1767.072,581.748l-74.516-50.033c4.279-27.761,5.383-55.804,3.291-83.786l78.155-44.071 c13.328-7.519,19.229-23.595,13.929-37.949l-40.059-108.459c-5.301-14.359-20.233-22.725-35.248-19.79l-88.043,17.302 c-16.598-22.621-35.662-43.215-56.956-61.531l24.099-86.456c4.105-14.741-3.088-30.278-16.984-36.679l-105.002-48.368 c-13.902-6.418-30.392-1.774-38.919,10.932l-50.038,74.52c-27.703-4.253-55.785-5.375-83.777-3.288l-44.075-78.154 c-7.522-13.332-23.595-19.233-37.953-13.928l-108.459,40.058c-14.358,5.301-22.738,20.237-19.786,35.253l17.308,88.03 c-22.625,16.598-43.224,35.666-61.54,56.964l-86.446-24.104c-14.741-4.092-30.282,3.092-36.684,16.985l-48.372,105.002 c-6.401,13.897-1.766,30.387,10.932,38.918l74.511,50.038c-4.274,27.765-5.379,55.808-3.283,83.781l-78.15,44.072 c-13.328,7.519-19.229,23.599-13.928,37.949l40.058,108.463c5.301,14.354,20.256,22.76,35.253,19.786l88.03-17.303 c16.585,22.612,35.648,43.206,56.961,61.535l-24.104,86.451c-4.105,14.737,3.087,30.283,16.984,36.684l105.006,48.366 c13.902,6.404,30.387,1.77,38.919-10.938l50.042-74.512c27.695,4.257,55.781,5.375,83.777,3.288l44.076,78.161 c5.656,10.036,16.176,15.863,27.151,15.863c3.601,0,7.253-0.626,10.792-1.936l108.469-40.06 c14.357-5.301,22.738-20.238,19.785-35.253l-17.307-88.039c22.611-16.589,43.206-35.657,61.535-56.96l86.451,24.104 c14.74,4.092,30.282-3.088,36.684-16.985l48.363-105.006C1784.404,606.769,1779.777,590.28,1767.072,581.748z M1684.125,675.479 l-80.555-22.459c-12.275-3.409-25.378,0.97-33.118,11.08c-21.507,28.091-47.402,52.06-76.968,71.245 c-10.688,6.932-16.08,19.664-13.619,32.161l16.124,82.021l-58.651,21.664l-41.059-72.815c-5.574-9.884-16.002-15.859-27.143-15.859 c-1.361,0-2.735,0.087-4.113,0.27c-34.727,4.623-70.428,3.214-104.798-4.109c-12.445-2.656-25.269,2.535-32.37,13.111 l-46.624,69.418l-56.772-26.147l22.455-80.555c3.418-12.267-0.966-25.382-11.08-33.122c-28.092-21.503-52.06-47.398-71.245-76.963 c-6.927-10.685-19.655-16.072-32.161-13.619l-82.012,16.119l-21.664-58.651l72.811-41.058 c11.093-6.257,17.264-18.629,15.585-31.252c-4.636-34.957-3.253-70.214,4.113-104.793c2.653-12.458-2.539-25.273-13.106-32.374 l-69.427-46.62l26.155-56.777l80.551,22.459c12.264,3.405,25.383-0.97,33.123-11.084c21.48-28.073,47.38-52.042,76.971-71.245 c10.685-6.931,16.076-19.664,13.615-32.161l-16.123-82.012l58.651-21.664l41.058,72.81c6.254,11.093,18.615,17.272,31.257,15.589 c34.727-4.609,70.419-3.209,104.798,4.113c12.44,2.648,25.264-2.539,32.369-13.11l46.62-69.432l56.773,26.151l-22.456,80.563 c-3.418,12.271,0.971,25.387,11.084,33.123c28.065,21.481,52.034,47.372,71.232,76.958c6.936,10.685,19.668,16.059,32.156,13.62 l82.029-16.12l21.664,58.647l-72.818,41.058c-11.094,6.258-17.264,18.629-15.585,31.252c4.64,34.97,3.257,70.228-4.114,104.793 c-2.66,12.458,2.531,25.277,13.106,32.378l69.432,46.62L1684.125,675.479z\"><\/path><path d=\"M1324.474,212.717c-31.026,0-61.63,5.492-90.97,16.329c-135.858,50.172-205.564,201.52-155.392,337.383 c37.927,102.701,136.95,171.707,246.409,171.716c0.009,0,0.009,0,0.018,0c31.014,0,61.617-5.492,90.952-16.329 c135.854-50.172,205.568-201.52,155.396-337.375C1532.951,281.727,1433.928,212.717,1324.474,212.717z M1393.896,663.338 c-22.402,8.275-45.736,12.467-69.357,12.467c0,0-0.009,0-0.014,0c-83.477-0.004-159.005-52.638-187.936-130.971 c-38.266-103.619,14.898-219.048,118.514-257.311c22.398-8.275,45.736-12.467,69.37-12.467 c83.478,0,159.001,52.638,187.936,130.979C1550.672,509.646,1497.503,625.071,1393.896,663.338z\"><\/path><\/svg><p class=\"wp-block-themeisle-blocks-icon-list-item-content\"><strong>Technik<\/strong><\/p><\/div>\n<\/div>\n\n\n\n<div id=\"wp-block-themeisle-blocks-icon-list-947a62b8\" class=\"wp-block-themeisle-blocks-icon-list\">\n<div id=\"wp-block-themeisle-blocks-icon-list-item-31fc22e0\" class=\"wp-block-themeisle-blocks-icon-list-item\"><i class=\"fas fa-angle-right wp-block-themeisle-blocks-icon-list-item-icon\"><\/i><p class=\"wp-block-themeisle-blocks-icon-list-item-content\">KFZ-Technik<\/p><\/div>\n\n\n\n<div id=\"wp-block-themeisle-blocks-icon-list-item-d813e938\" class=\"wp-block-themeisle-blocks-icon-list-item\"><i class=\"fas fa-angle-right wp-block-themeisle-blocks-icon-list-item-icon\"><\/i><p class=\"wp-block-themeisle-blocks-icon-list-item-content\">Elektrotechnik und Elektronik<\/p><\/div>\n\n\n\n<div id=\"wp-block-themeisle-blocks-icon-list-item-6071e2c3\" class=\"wp-block-themeisle-blocks-icon-list-item\"><i class=\"fas fa-angle-right wp-block-themeisle-blocks-icon-list-item-icon\"><\/i><p class=\"wp-block-themeisle-blocks-icon-list-item-content\">Maschinenbau<\/p><\/div>\n<\/div>\n\n\n\n<p><\/p>\n\n\n\n<div class=\"wp-block-buttons is-layout-flex wp-block-buttons-is-layout-flex\">\n<div class=\"wp-block-button is-style-primary\"><a class=\"wp-block-button__link wp-element-button\" href=\"https:\/\/opitz-translations.de\/fachuebersetzung\/\">Mehr erfahren<\/a><\/div>\n<\/div>\n<\/div>\n<\/div><\/section>\n\n\n\n<div style=\"height:25px\" aria-hidden=\"true\" class=\"wp-block-spacer\"><\/div>\n\n\n\n<div id=\"wp-block-themeisle-blocks-advanced-columns-1ba95445\" class=\"wp-block-themeisle-blocks-advanced-columns alignfull has-1-columns has-desktop-equal-layout has-tablet-equal-layout has-mobile-equal-layout has-vertical-unset\"><div class=\"wp-block-themeisle-blocks-advanced-columns-overlay\"><\/div><div class=\"innerblocks-wrap\">\n<div id=\"wp-block-themeisle-blocks-advanced-column-965c0b63\" class=\"wp-block-themeisle-blocks-advanced-column has-light-bg\">\n<div id=\"wp-block-themeisle-blocks-icon-list-552eb1b4\" class=\"wp-block-themeisle-blocks-icon-list is-style-vertical\">\n<div id=\"wp-block-themeisle-blocks-icon-list-item-1e1db0a2\" class=\"wp-block-themeisle-blocks-icon-list-item ticss-1e1db0a2 cta-link\"><i class=\"fas fa-envelope wp-block-themeisle-blocks-icon-list-item-icon-custom\"><\/i><p class=\"wp-block-themeisle-blocks-icon-list-item-content-custom\"><strong><a href=\"mailto:info@opitz-translations.de\" title=\"Interesse? Schreiben Sie mir jetzt!\">Interesse? Schreiben Sie mir jetzt!<\/a><\/strong><\/p><\/div>\n<\/div>\n<\/div>\n<\/div><\/div>\n\n\n\n<div style=\"height:25px\" aria-hidden=\"true\" class=\"wp-block-spacer\"><\/div>\n","protected":false},"excerpt":{"rendered":"<p>Spezialisierungen<\/p>\n","protected":false},"author":1,"featured_media":0,"parent":0,"menu_order":0,"comment_status":"closed","ping_status":"closed","template":"page-templates\/template-pagebuilder-full-width.php","meta":{"neve_meta_sidebar":"full-width","neve_meta_container":"contained","neve_meta_enable_content_width":"off","neve_meta_content_width":0,"neve_meta_title_alignment":"","neve_meta_author_avatar":"","neve_post_elements_order":"","neve_meta_disable_header":"","neve_meta_disable_footer":"","neve_meta_disable_title":"on","neve_meta_reading_time":"","_themeisle_gutenberg_block_has_review":false,"_ti_tpc_template_sync":false,"_ti_tpc_template_id":"s50131wftm3egdyrnhxk","footnotes":""},"class_list":["post-5","page","type-page","status-publish","hentry"],"aioseo_notices":[],"_links":{"self":[{"href":"https:\/\/opitz-translations.de\/de\/wp-json\/wp\/v2\/pages\/5","targetHints":{"allow":["GET"]}}],"collection":[{"href":"https:\/\/opitz-translations.de\/de\/wp-json\/wp\/v2\/pages"}],"about":[{"href":"https:\/\/opitz-translations.de\/de\/wp-json\/wp\/v2\/types\/page"}],"author":[{"embeddable":true,"href":"https:\/\/opitz-translations.de\/de\/wp-json\/wp\/v2\/users\/1"}],"replies":[{"embeddable":true,"href":"https:\/\/opitz-translations.de\/de\/wp-json\/wp\/v2\/comments?post=5"}],"version-history":[{"count":9,"href":"https:\/\/opitz-translations.de\/de\/wp-json\/wp\/v2\/pages\/5\/revisions"}],"predecessor-version":[{"id":1044,"href":"https:\/\/opitz-translations.de\/de\/wp-json\/wp\/v2\/pages\/5\/revisions\/1044"}],"wp:attachment":[{"href":"https:\/\/opitz-translations.de\/de\/wp-json\/wp\/v2\/media?parent=5"}],"curies":[{"name":"wp","href":"https:\/\/api.w.org\/{rel}","templated":true}]}}