{"id":6,"date":"2019-11-13T08:37:05","date_gmt":"2019-11-13T08:37:05","guid":{"rendered":"https:\/\/demosites.io\/translation-services-gb\/?page_id=6"},"modified":"2024-07-30T16:35:36","modified_gmt":"2024-07-30T14:35:36","slug":"ueber-mich","status":"publish","type":"page","link":"https:\/\/opitz-translations.de\/de\/ueber-mich\/","title":{"rendered":"\u00dcber mich"},"content":{"rendered":"\n<section id=\"wp-block-themeisle-blocks-advanced-columns-9f8848a6\" class=\"wp-block-themeisle-blocks-advanced-columns alignfull has-1-columns has-desktop-equal-layout has-tablet-equal-layout has-mobile-equal-layout has-vertical-center ticss-94b009cf\"><div class=\"wp-block-themeisle-blocks-advanced-columns-overlay\"><\/div><div class=\"innerblocks-wrap\">\n<div id=\"wp-block-themeisle-blocks-advanced-column-cedf80ca\" class=\"wp-block-themeisle-blocks-advanced-column\">\n<h1 id=\"wp-block-themeisle-blocks-advanced-heading-d0bfd8ac\" class=\"wp-block-themeisle-blocks-advanced-heading wp-block-themeisle-blocks-advanced-heading-d0bfd8ac\">\u00dcBER MICH<\/h1>\n\n\n\n<p id=\"wp-block-themeisle-blocks-advanced-heading-b1359ee9\" class=\"wp-block-themeisle-blocks-advanced-heading wp-block-themeisle-blocks-advanced-heading-b1359ee9\">Jede Reise beginnt mit dem ersten Schritt.<br><\/p>\n\n\n\n<div class=\"wp-block-buttons is-horizontal is-content-justification-left is-layout-flex wp-container-core-buttons-is-layout-7e5fce0a wp-block-buttons-is-layout-flex\">\n<div class=\"wp-block-button is-style-secondary\"><a class=\"wp-block-button__link wp-element-button\" href=\"mailto:info@opitz-translations.de\" style=\"border-radius:10px\">Anfrage senden<\/a><\/div>\n<\/div>\n<\/div>\n<\/div><\/section>\n\n\n\n<div style=\"height:24px\" aria-hidden=\"true\" class=\"wp-block-spacer\"><\/div>\n\n\n\n<section id=\"wp-block-themeisle-blocks-advanced-columns-31763fa7\" class=\"wp-block-themeisle-blocks-advanced-columns has-1-columns has-desktop-equal-layout has-tablet-equal-layout has-mobile-equal-layout has-vertical-flex-start\"><div class=\"wp-block-themeisle-blocks-advanced-columns-overlay\"><\/div><div class=\"innerblocks-wrap\">\n<div id=\"wp-block-themeisle-blocks-advanced-column-e4d0fa22\" class=\"wp-block-themeisle-blocks-advanced-column\">\n<div class=\"wp-block-columns is-layout-flex wp-container-core-columns-is-layout-9d6595d7 wp-block-columns-is-layout-flex\">\n<div class=\"wp-block-column is-layout-flow wp-block-column-is-layout-flow\" style=\"flex-basis:60%\">\n<p>Als ich vor mehr als 15 Jahren in einem jungen Online-Spiele-Unternehmen als <strong>Localization Editor<\/strong> f\u00fcr Chinesisch, Englisch und Deutsch anfing, wurde mir schnell klar: Das ist meine Bestimmung. Ich liebte es, die teilweise \u00e4u\u00dferst komplexen Software-Systeme der MMOs zu entdecken, und das nicht nur als \u00dcbersetzerin und Lektorin, sondern auch als <strong>Localization Manager<\/strong>. Ich entschied mich, dass ich die \u00dcbersetzung\/Softwarelokalisierung zu meiner Profession mache, und absolvierte nebenberuflich den <strong>Master in Translation<\/strong>. Dabei spezialisierte ich mich auf die Fach\u00fcbersetzung f\u00fcr Internettechnologien und Technik. Anschlie\u00dfend habe ich mich \u2013 nach insgesamt mehr als neun Jahren Festanstellung in der Software-Branche \u2013 als <strong>freiberufliche \u00dcbersetzerin<\/strong> selbst\u00e4ndig gemacht und freue mich, meine Expertise nun auch Ihnen anbieten zu k\u00f6nnen.<\/p>\n\n\n\n<p>Wenn Sie noch weitere Fragen zu meiner Person haben, beantworte ich sie Ihnen gerne pers\u00f6nlich.<\/p>\n<\/div>\n\n\n\n<div class=\"wp-block-column is-layout-flow wp-block-column-is-layout-flow\" style=\"flex-basis:40%\">\n<div id=\"wp-block-themeisle-blocks-icon-list-57bfa9c7\" class=\"wp-block-themeisle-blocks-icon-list\">\n<div id=\"wp-block-themeisle-blocks-icon-list-item-848909b1\" class=\"wp-block-themeisle-blocks-icon-list-item\"><svg xmlns=\"http:\/\/www.w3.org\/2000\/svg\" viewBox=\"0 0 1800 1800\" class=\"wp-block-themeisle-blocks-icon-list-item-icon\"><path d=\"M1782.237,564.721L917.14,6.075c-10.442-6.742-23.85-6.738-34.283,0L17.763,564.721 c-9.009,5.818-14.453,15.813-14.453,26.541s5.443,20.723,14.453,26.541L316.79,810.904c-0.313,1.79-0.506,3.619-0.506,5.499 v365.474c0,70.584,64.633,134.248,181.99,179.271c107.807,41.356,250.473,64.136,401.725,64.136s293.923-22.779,401.729-64.136 c117.357-45.023,181.99-108.688,181.99-179.271V816.403c0-1.88-0.193-3.708-0.51-5.499l105.36-68.036v585.294 c-32.948,12.732-56.419,44.662-56.419,82.047c0,36.23,22.017,67.401,53.364,80.881l-61.275,269.287 c-2.134,9.371,0.114,19.205,6.108,26.72c5.994,7.511,15.084,11.883,24.696,11.883h130.237c0.021,0,0.052,0,0.088,0 c17.449,0,31.594-14.14,31.594-31.594c0-3.271-0.494-6.427-1.42-9.397l-60.732-266.898c31.348-13.479,53.362-44.65,53.362-80.881 c0-37.385-23.469-69.314-56.417-82.047v-626.1l130.483-84.26c9.01-5.818,14.453-15.813,14.453-26.541 S1791.247,570.539,1782.237,564.721z M1620.16,1435.033c-13.689,0-24.823-11.134-24.823-24.824 c0-13.685,11.134-24.824,24.823-24.824s24.824,11.14,24.824,24.824C1644.984,1423.899,1633.85,1435.033,1620.16,1435.033z M1594.631,1735.791l25.529-112.182l25.529,112.182H1594.631z M1420.529,1181.877c0,85.244-213.773,180.219-520.531,180.219 c-306.753,0-520.527-94.975-520.527-180.219V851.38l503.386,325.071c5.218,3.372,11.178,5.056,17.141,5.056 c5.959,0,11.923-1.684,17.142-5.056l503.39-325.071V1181.877z M899.998,1112.302L93.142,591.261L899.998,70.223l806.86,521.039 L899.998,1112.302z\"><\/path><path d=\"M787.935,591.261c0,61.795,50.273,112.068,112.063,112.068c61.795,0,112.068-50.273,112.068-112.068 c0-61.792-50.273-112.063-112.068-112.063C838.208,479.198,787.935,529.469,787.935,591.261z M948.878,591.261 c0,26.953-21.927,48.88-48.88,48.88c-26.952,0-48.876-21.927-48.876-48.88c0-26.95,21.924-48.876,48.876-48.876 C926.951,542.385,948.878,564.311,948.878,591.261z\"><\/path><\/svg><p class=\"wp-block-themeisle-blocks-icon-list-item-content\"><strong>Qualifikationen<\/strong><\/p><\/div>\n<\/div>\n\n\n\n<p class=\"has-text-align-left\">2017 &#8211; M.A. Translation <br><em>Johannes-Gutenberg-Universit\u00e4t Mainz<\/em><br>2008 &#8211; M.A. Sinologie<br><em>Freie Universit\u00e4t Berlin<\/em><\/p>\n\n\n\n<div id=\"wp-block-themeisle-blocks-icon-list-97372fb4\" class=\"wp-block-themeisle-blocks-icon-list\">\n<div id=\"wp-block-themeisle-blocks-icon-list-item-9453d39a\" class=\"wp-block-themeisle-blocks-icon-list-item\"><svg xmlns=\"http:\/\/www.w3.org\/2000\/svg\" viewBox=\"0 0 1800 1800\" class=\"wp-block-themeisle-blocks-icon-list-item-icon\"><path d=\"M357.063,742.307c-17.305,0-31.331,14.026-31.331,31.331s14.026,31.331,31.331,31.331 c27.835,0,93.081,33.661,93.081,98.938c0,17.305,14.026,31.331,31.331,31.331s31.332-14.026,31.332-31.331 C512.807,797.809,411.417,742.307,357.063,742.307z\"><\/path><path d=\"M1453.625,177.815c27.835,0,93.08,33.661,93.08,98.938c0,17.305,14.027,31.331,31.332,31.331 s31.331-14.026,31.331-31.331c0-106.097-101.39-161.6-155.743-161.6c-17.305,0-31.33,14.026-31.33,31.331 S1436.32,177.815,1453.625,177.815z\"><\/path><path d=\"M1447.975,1261.85c-46.434,0-92.324,12.361-132.713,35.751c-31.903,18.476-58.501,42.634-79.293,70.451 L597.875,998.547c3.899-9.809,7.317-19.871,10.075-30.226c15.53-58.261,10.889-118.681-12.702-173.188l636.708-368.71 c49.41,69.459,130.26,111.727,216.465,111.727c46.433,0,92.319-12.361,132.707-35.75c61.316-35.505,105.136-92.766,123.385-161.232 c18.248-68.463,8.742-139.933-26.764-201.249C1630.467,58.27,1542.422,7.544,1447.979,7.544c-46.434,0-92.324,12.361-132.712,35.75 c-115.368,66.811-161.543,207.81-113.322,328.1L563.833,740.916c-49.707-66.172-128.52-106.219-212.417-106.219 c-46.428,0-92.324,12.361-132.711,35.75C92.13,743.749,48.787,906.358,122.084,1032.934 c47.281,81.649,135.326,132.37,229.77,132.37c46.438,0,92.324-12.36,132.712-35.75c33.473-19.381,61.679-45.284,83.407-75.915 l636.673,368.684c-31.921,74.42-29.608,162.465,13.996,237.764c47.28,81.65,135.325,132.371,229.774,132.371 c46.432,0,92.318-12.361,132.707-35.75c61.316-35.506,105.135-92.766,123.384-161.232c18.249-68.463,8.742-139.934-26.763-201.249 C1630.463,1312.575,1542.418,1261.85,1447.975,1261.85z M1346.668,97.521c30.859-17.868,65.893-27.314,101.311-27.314 c72.164,0,139.426,38.745,175.543,101.114c27.117,46.831,34.378,101.42,20.438,153.71c-13.935,52.29-47.403,96.026-94.233,123.144 c-30.855,17.869-65.889,27.314-101.307,27.314c-72.165,0-139.43-38.744-175.547-101.109 C1216.893,277.706,1249.994,153.504,1346.668,97.521z M453.164,1075.327c-30.859,17.868-65.888,27.314-101.311,27.314 c-72.165,0-139.426-38.745-175.543-101.11c-55.979-96.672-22.873-220.874,73.795-276.857 c30.859-17.869,65.888-27.314,101.311-27.314c72.165,0,139.426,38.744,175.543,101.114c27.117,46.831,34.377,101.42,20.438,153.71 C533.464,1004.474,499.995,1048.209,453.164,1075.327z M1643.955,1579.336c-13.934,52.291-47.402,96.027-94.233,123.145 c-30.854,17.868-65.888,27.314-101.306,27.314c-72.166,0-139.431-38.744-175.548-101.109 c-55.979-96.674-22.878-220.875,73.795-276.859c30.859-17.867,65.893-27.313,101.312-27.313 c72.164,0,139.425,38.744,175.543,101.114C1650.635,1472.457,1657.895,1527.047,1643.955,1579.336z\"><\/path><path d=\"M1453.621,1369.459c-17.305,0-31.331,14.027-31.331,31.332s14.026,31.331,31.331,31.331 c27.834,0,93.08,33.661,93.08,98.937c0,17.305,14.027,31.332,31.332,31.332s31.33-14.027,31.33-31.332 C1609.363,1424.963,1507.975,1369.459,1453.621,1369.459z\"><\/path><\/svg><p class=\"wp-block-themeisle-blocks-icon-list-item-content\"><strong>Mitgliedschaften<\/strong><\/p><\/div>\n<\/div>\n\n\n\n<p class=\"has-text-align-left\">BD\u00dc &#8211; Bundesverband der Dolmetscher und \u00dcbersetzer<br>FaCh &#8211; Fachverband Chinesisch<\/p>\n<\/div>\n<\/div>\n<\/div>\n<\/div><\/section>\n\n\n\n<div style=\"height:25px\" aria-hidden=\"true\" class=\"wp-block-spacer\"><\/div>\n\n\n\n<div id=\"wp-block-themeisle-blocks-advanced-columns-1ba95445\" class=\"wp-block-themeisle-blocks-advanced-columns alignfull has-1-columns has-desktop-equal-layout has-tablet-equal-layout has-mobile-equal-layout has-vertical-unset\"><div class=\"wp-block-themeisle-blocks-advanced-columns-overlay\"><\/div><div class=\"innerblocks-wrap\">\n<div id=\"wp-block-themeisle-blocks-advanced-column-6cf0afca\" class=\"wp-block-themeisle-blocks-advanced-column has-light-bg\">\n<div id=\"wp-block-themeisle-blocks-icon-list-552eb1b4\" class=\"wp-block-themeisle-blocks-icon-list is-style-vertical\">\n<div id=\"wp-block-themeisle-blocks-icon-list-item-1e1db0a2\" class=\"wp-block-themeisle-blocks-icon-list-item ticss-1e1db0a2 cta-link\"><i class=\"fas fa-envelope wp-block-themeisle-blocks-icon-list-item-icon-custom\"><\/i><p class=\"wp-block-themeisle-blocks-icon-list-item-content-custom\"><strong><a href=\"mailto:info@opitz-translations.de\" title=\"Kontaktieren Sie mich\">Kontaktieren Sie mich<\/a><\/strong><\/p><\/div>\n<\/div>\n<\/div>\n<\/div><\/div>\n","protected":false},"excerpt":{"rendered":"","protected":false},"author":1,"featured_media":0,"parent":0,"menu_order":0,"comment_status":"closed","ping_status":"closed","template":"page-templates\/template-pagebuilder-full-width.php","meta":{"neve_meta_sidebar":"full-width","neve_meta_container":"contained","neve_meta_enable_content_width":"on","neve_meta_content_width":70,"neve_meta_title_alignment":"left","neve_meta_author_avatar":"","neve_post_elements_order":"","neve_meta_disable_header":"","neve_meta_disable_footer":"","neve_meta_disable_title":"on","neve_meta_reading_time":"","_themeisle_gutenberg_block_has_review":false,"_ti_tpc_template_sync":false,"_ti_tpc_template_id":"vc8va2qybsth5cshm0cb","footnotes":""},"class_list":["post-6","page","type-page","status-publish","hentry"],"aioseo_notices":[],"_links":{"self":[{"href":"https:\/\/opitz-translations.de\/de\/wp-json\/wp\/v2\/pages\/6","targetHints":{"allow":["GET"]}}],"collection":[{"href":"https:\/\/opitz-translations.de\/de\/wp-json\/wp\/v2\/pages"}],"about":[{"href":"https:\/\/opitz-translations.de\/de\/wp-json\/wp\/v2\/types\/page"}],"author":[{"embeddable":true,"href":"https:\/\/opitz-translations.de\/de\/wp-json\/wp\/v2\/users\/1"}],"replies":[{"embeddable":true,"href":"https:\/\/opitz-translations.de\/de\/wp-json\/wp\/v2\/comments?post=6"}],"version-history":[{"count":9,"href":"https:\/\/opitz-translations.de\/de\/wp-json\/wp\/v2\/pages\/6\/revisions"}],"predecessor-version":[{"id":1386,"href":"https:\/\/opitz-translations.de\/de\/wp-json\/wp\/v2\/pages\/6\/revisions\/1386"}],"wp:attachment":[{"href":"https:\/\/opitz-translations.de\/de\/wp-json\/wp\/v2\/media?parent=6"}],"curies":[{"name":"wp","href":"https:\/\/api.w.org\/{rel}","templated":true}]}}