{"id":7,"date":"2019-11-13T08:37:05","date_gmt":"2019-11-13T08:37:05","guid":{"rendered":"https:\/\/demosites.io\/translation-services-gb\/?page_id=7"},"modified":"2023-11-17T17:22:10","modified_gmt":"2023-11-17T16:22:10","slug":"softwarelokalisierung","status":"publish","type":"page","link":"https:\/\/opitz-translations.de\/de\/softwarelokalisierung\/","title":{"rendered":"Softwarelokalisierung"},"content":{"rendered":"\n<section id=\"wp-block-themeisle-blocks-advanced-columns-9f8848a6\" class=\"wp-block-themeisle-blocks-advanced-columns alignfull has-1-columns has-desktop-equal-layout has-tablet-equal-layout has-mobile-equal-layout has-vertical-center ticss-94b009cf\"><div class=\"wp-block-themeisle-blocks-advanced-columns-overlay\"><\/div><div class=\"innerblocks-wrap\">\n<div id=\"wp-block-themeisle-blocks-advanced-column-cedf80ca\" class=\"wp-block-themeisle-blocks-advanced-column\">\n<h1 id=\"wp-block-themeisle-blocks-advanced-heading-d0bfd8ac\" class=\"wp-block-themeisle-blocks-advanced-heading wp-block-themeisle-blocks-advanced-heading-d0bfd8ac\">SOFTWARELOKALISIERUNG<\/h1>\n\n\n\n<p id=\"wp-block-themeisle-blocks-advanced-heading-b1359ee9\" class=\"wp-block-themeisle-blocks-advanced-heading wp-block-themeisle-blocks-advanced-heading-b1359ee9\">Jede Software ist wie ein Neuer Kontinent, den es zu entdecken gilt.<br><\/p>\n\n\n\n<div class=\"wp-block-buttons is-horizontal is-content-justification-left is-layout-flex wp-container-core-buttons-is-layout-7e5fce0a wp-block-buttons-is-layout-flex\">\n<div class=\"wp-block-button is-style-secondary\"><a class=\"wp-block-button__link wp-element-button\" href=\"mailto:info@opitz-translations.de\" style=\"border-radius:10px\">Anfrage senden<\/a><\/div>\n<\/div>\n<\/div>\n<\/div><\/section>\n\n\n\n<div style=\"height:15px\" aria-hidden=\"true\" class=\"wp-block-spacer\"><\/div>\n\n\n\n<section id=\"wp-block-themeisle-blocks-advanced-columns-4063effc\" class=\"wp-block-themeisle-blocks-advanced-columns has-1-columns has-desktop-equal-layout has-tablet-equal-layout has-mobile-equal-layout has-vertical-flex-start\"><div class=\"wp-block-themeisle-blocks-advanced-columns-overlay\"><\/div><div class=\"innerblocks-wrap\">\n<div id=\"wp-block-themeisle-blocks-advanced-column-d6214e84\" class=\"wp-block-themeisle-blocks-advanced-column\">\n<p>Zu einer erfolgreichen Softwarelokalisierung geh\u00f6rt nicht nur die <strong>Software<\/strong> selbst, sondern auch zahlreiche <strong>Begleitmaterialien<\/strong>, wie z.&nbsp;B. Online-Hilfen, technische Dokumentationen, Release- und Patchnotes sowie Marketingtexte. Auch diese m\u00fcssen f\u00fcr die Anforderungen auf dem Zielmarkt angepasst werden. Damit dies am Ende auch text\u00fcbergreifend gelingt, nutze ich das CAT-Tool <strong>memoQ<\/strong> und die darin verf\u00fcgbaren <strong>Terminologie- und \u00dcbersetzungsdatenbanken <\/strong>(Term Base\/Translation Memory). Dadurch kann ich meine \u00dcbersetzungen so anfertigen, dass sie in Terminologie, Inhalt und Form wie aus einem Guss sind. Und ich kann Auftr\u00e4ge <strong>in fast allen g\u00e4ngigen Textdateiformaten<\/strong> entgegennehmen <strong>\u2013<\/strong> von einfachen TXT-Dateien \u00fcber g\u00e4ngige Word-, Excel- und PDF-Dateien bis hin zu den speziell f\u00fcr den Austausch von Lokalisationsdaten entwickelten XLIFF-Dateien. Auch SDL Trados-Dateien k\u00f6nnen in memoQ bearbeitet werden.<\/p>\n\n\n\n<p>Aufgrund meiner langj\u00e4hrigen Erfahrungen in der Gaming-Branche und meiner pers\u00f6nlichen Begeisterung f\u00fcr Fantasy und Science Fiction habe ich ein besonderes Faible f\u00fcr <strong>Computerspiele<\/strong>. Ich habe bereits an zahlreichen MMOs mitgewirkt. Doch mein Entdeckergeist kennt keine Grenzen. Inzwischen geh\u00f6ren auch <strong>Softwareprogramme aus Maschinenbau, Business und Verwaltung<\/strong> zu meinem Portfolio. <\/p>\n\n\n\n<p>Gerne unterst\u00fctze ich auch Sie in Ihrem Lokalisierungsprojekt.<\/p>\n<\/div>\n<\/div><\/section>\n\n\n\n<div style=\"height:25px\" aria-hidden=\"true\" class=\"wp-block-spacer\"><\/div>\n\n\n\n<div id=\"wp-block-themeisle-blocks-advanced-columns-70d1efc2\" class=\"wp-block-themeisle-blocks-advanced-columns alignfull has-1-columns has-desktop-equal-layout has-tablet-equal-layout has-mobile-equal-layout has-vertical-unset\"><div class=\"wp-block-themeisle-blocks-advanced-columns-overlay\"><\/div><div class=\"innerblocks-wrap\">\n<div id=\"wp-block-themeisle-blocks-advanced-column-cf2b9e32\" class=\"wp-block-themeisle-blocks-advanced-column has-light-bg\">\n<div id=\"wp-block-themeisle-blocks-icon-list-552eb1b4\" class=\"wp-block-themeisle-blocks-icon-list is-style-vertical\">\n<div id=\"wp-block-themeisle-blocks-icon-list-item-1e1db0a2\" class=\"wp-block-themeisle-blocks-icon-list-item ticss-1e1db0a2 cta-link\"><i class=\"fas fa-envelope wp-block-themeisle-blocks-icon-list-item-icon-custom\"><\/i><p class=\"wp-block-themeisle-blocks-icon-list-item-content-custom\"><strong><a href=\"mailto:info@opitz-translations.de\" title=\"Kontaktieren Sie mich\">Kontaktieren Sie mich<\/a><\/strong><\/p><\/div>\n<\/div>\n<\/div>\n<\/div><\/div>\n\n\n\n<div style=\"height:25px\" aria-hidden=\"true\" class=\"wp-block-spacer\"><\/div>\n","protected":false},"excerpt":{"rendered":"","protected":false},"author":1,"featured_media":0,"parent":0,"menu_order":0,"comment_status":"closed","ping_status":"closed","template":"page-templates\/template-pagebuilder-full-width.php","meta":{"neve_meta_sidebar":"full-width","neve_meta_container":"contained","neve_meta_enable_content_width":"off","neve_meta_content_width":0,"neve_meta_title_alignment":"","neve_meta_author_avatar":"","neve_post_elements_order":"","neve_meta_disable_header":"","neve_meta_disable_footer":"","neve_meta_disable_title":"on","neve_meta_reading_time":"","_themeisle_gutenberg_block_has_review":false,"_ti_tpc_template_sync":false,"_ti_tpc_template_id":"juvm2rjpfbtz4me4xs76","footnotes":""},"class_list":["post-7","page","type-page","status-publish","hentry"],"aioseo_notices":[],"_links":{"self":[{"href":"https:\/\/opitz-translations.de\/de\/wp-json\/wp\/v2\/pages\/7","targetHints":{"allow":["GET"]}}],"collection":[{"href":"https:\/\/opitz-translations.de\/de\/wp-json\/wp\/v2\/pages"}],"about":[{"href":"https:\/\/opitz-translations.de\/de\/wp-json\/wp\/v2\/types\/page"}],"author":[{"embeddable":true,"href":"https:\/\/opitz-translations.de\/de\/wp-json\/wp\/v2\/users\/1"}],"replies":[{"embeddable":true,"href":"https:\/\/opitz-translations.de\/de\/wp-json\/wp\/v2\/comments?post=7"}],"version-history":[{"count":10,"href":"https:\/\/opitz-translations.de\/de\/wp-json\/wp\/v2\/pages\/7\/revisions"}],"predecessor-version":[{"id":1136,"href":"https:\/\/opitz-translations.de\/de\/wp-json\/wp\/v2\/pages\/7\/revisions\/1136"}],"wp:attachment":[{"href":"https:\/\/opitz-translations.de\/de\/wp-json\/wp\/v2\/media?parent=7"}],"curies":[{"name":"wp","href":"https:\/\/api.w.org\/{rel}","templated":true}]}}