{"id":9,"date":"2019-11-13T08:37:05","date_gmt":"2019-11-13T08:37:05","guid":{"rendered":"https:\/\/demosites.io\/translation-services-gb\/?page_id=9"},"modified":"2022-07-19T21:13:24","modified_gmt":"2022-07-19T19:13:24","slug":"kontakt","status":"publish","type":"page","link":"https:\/\/opitz-translations.de\/de\/kontakt\/","title":{"rendered":"Kontakt"},"content":{"rendered":"\n<section id=\"wp-block-themeisle-blocks-advanced-columns-9f8848a6\" class=\"wp-block-themeisle-blocks-advanced-columns alignfull has-1-columns has-desktop-equal-layout has-tablet-equal-layout has-mobile-equal-layout has-vertical-center ticss-94b009cf\"><div class=\"wp-block-themeisle-blocks-advanced-columns-overlay\"><\/div><div class=\"innerblocks-wrap\">\n<div id=\"wp-block-themeisle-blocks-advanced-column-cedf80ca\" class=\"wp-block-themeisle-blocks-advanced-column\">\n<h1 id=\"wp-block-themeisle-blocks-advanced-heading-d0bfd8ac\" class=\"wp-block-themeisle-blocks-advanced-heading wp-block-themeisle-blocks-advanced-heading-d0bfd8ac\">KONTAKT<\/h1>\n\n\n\n<p id=\"wp-block-themeisle-blocks-advanced-heading-b1359ee9\" class=\"wp-block-themeisle-blocks-advanced-heading wp-block-themeisle-blocks-advanced-heading-b1359ee9\">Ich freue mich darauf, ein St\u00fcck meines Weges mit Ihnen zu gehen.<br><\/p>\n\n\n\n<div class=\"wp-block-buttons is-horizontal is-content-justification-left is-layout-flex wp-container-core-buttons-is-layout-7e5fce0a wp-block-buttons-is-layout-flex\">\n<div class=\"wp-block-button is-style-secondary\"><a class=\"wp-block-button__link\" href=\"mailto:info@opitz-translations.de\" style=\"border-radius:10px\">Anfrage senden<\/a><\/div>\n<\/div>\n<\/div>\n<\/div><\/section>\n\n\n\n<div style=\"height:15px\" aria-hidden=\"true\" class=\"wp-block-spacer\"><\/div>\n\n\n\n<section id=\"wp-block-themeisle-blocks-advanced-columns-31763fa7\" class=\"wp-block-themeisle-blocks-advanced-columns has-1-columns has-desktop-equal-layout has-tablet-equal-layout has-mobile-equal-layout has-vertical-flex-start\"><div class=\"wp-block-themeisle-blocks-advanced-columns-overlay\"><\/div><div class=\"innerblocks-wrap\">\n<div id=\"wp-block-themeisle-blocks-advanced-column-e4d0fa22\" class=\"wp-block-themeisle-blocks-advanced-column\">\n<p>Sie suchen nach einer qualifizierten, erfahrenen und engagierten \u00dcbersetzerin f\u00fcr Ihre Softwarelokalisierung oder zur \u00dcbersetzung Ihrer Fachtexte aus den Bereichen IT und Technik? Sie haben noch offene Fragen zu meiner Person und zu meinen Leistungen und m\u00f6chten diese gerne schnell und unverbindlich kl\u00e4ren? Dann kontaktieren Sie mich einfach. Ich freue mich, von Ihnen zu h\u00f6ren.<\/p>\n\n\n\n<p>E-Mail: <a href=\"mailto:info@opitz-translations.de\">info@opitz-translations.de<\/a><br>Festnetz: <a href=\"tel:+4972115664022\" title=\"+49 (0) 721 15 66 40 22\">+49 (0) 721 15 66 40 22<\/a><br>Mobil: <a href=\"tel:+4917667880988\" title=\"+49 (0) 176 67 88 09 88\">+49 (0) 176 67 88 09 88<\/a><\/p>\n<\/div>\n<\/div><\/section>\n\n\n\n<div style=\"height:25px\" aria-hidden=\"true\" class=\"wp-block-spacer\"><\/div>\n\n\n\n<div id=\"wp-block-themeisle-blocks-advanced-columns-1ba95445\" class=\"wp-block-themeisle-blocks-advanced-columns alignfull has-1-columns has-desktop-equal-layout has-tablet-equal-layout has-mobile-equal-layout has-vertical-unset\"><div class=\"wp-block-themeisle-blocks-advanced-columns-overlay\"><\/div><div class=\"innerblocks-wrap\">\n<div id=\"wp-block-themeisle-blocks-advanced-column-6cf0afca\" class=\"wp-block-themeisle-blocks-advanced-column\">\n<div id=\"wp-block-themeisle-blocks-icon-list-552eb1b4\" class=\"wp-block-themeisle-blocks-icon-list is-style-vertical\">\n<div id=\"wp-block-themeisle-blocks-icon-list-item-1e1db0a2\" class=\"wp-block-themeisle-blocks-icon-list-item ticss-1e1db0a2 cta-link\"><i class=\"fas fa-envelope wp-block-themeisle-blocks-icon-list-item-icon-custom\"><\/i><p class=\"wp-block-themeisle-blocks-icon-list-item-content-custom\"><strong><a href=\"mailto:info@opitz-translations.de\" title=\"Kontaktieren Sie mich\">Kontaktieren Sie mich<\/a><\/strong><\/p><\/div>\n<\/div>\n<\/div>\n<\/div><\/div>\n\n\n\n<div style=\"height:25px\" aria-hidden=\"true\" class=\"wp-block-spacer\"><\/div>\n","protected":false},"excerpt":{"rendered":"","protected":false},"author":1,"featured_media":0,"parent":0,"menu_order":0,"comment_status":"closed","ping_status":"closed","template":"page-templates\/template-pagebuilder-full-width.php","meta":{"neve_meta_sidebar":"full-width","neve_meta_container":"contained","neve_meta_enable_content_width":"off","neve_meta_content_width":0,"neve_meta_title_alignment":"","neve_meta_author_avatar":"","neve_post_elements_order":"","neve_meta_disable_header":"","neve_meta_disable_footer":"","neve_meta_disable_title":"on","neve_meta_reading_time":"","_themeisle_gutenberg_block_has_review":false,"_ti_tpc_template_sync":false,"_ti_tpc_template_id":"e7e94cvjxa9279fa1pea","footnotes":""},"class_list":["post-9","page","type-page","status-publish","hentry"],"aioseo_notices":[],"_links":{"self":[{"href":"https:\/\/opitz-translations.de\/de\/wp-json\/wp\/v2\/pages\/9","targetHints":{"allow":["GET"]}}],"collection":[{"href":"https:\/\/opitz-translations.de\/de\/wp-json\/wp\/v2\/pages"}],"about":[{"href":"https:\/\/opitz-translations.de\/de\/wp-json\/wp\/v2\/types\/page"}],"author":[{"embeddable":true,"href":"https:\/\/opitz-translations.de\/de\/wp-json\/wp\/v2\/users\/1"}],"replies":[{"embeddable":true,"href":"https:\/\/opitz-translations.de\/de\/wp-json\/wp\/v2\/comments?post=9"}],"version-history":[{"count":11,"href":"https:\/\/opitz-translations.de\/de\/wp-json\/wp\/v2\/pages\/9\/revisions"}],"predecessor-version":[{"id":1335,"href":"https:\/\/opitz-translations.de\/de\/wp-json\/wp\/v2\/pages\/9\/revisions\/1335"}],"wp:attachment":[{"href":"https:\/\/opitz-translations.de\/de\/wp-json\/wp\/v2\/media?parent=9"}],"curies":[{"name":"wp","href":"https:\/\/api.w.org\/{rel}","templated":true}]}}